{"id":87,"date":"2018-11-28T14:27:44","date_gmt":"2018-11-28T14:27:44","guid":{"rendered":"http:\/\/www.kalapirkat.fi\/?page_id=87"},"modified":"2025-01-05T12:52:29","modified_gmt":"2025-01-05T12:52:29","slug":"pirkanpuisto","status":"publish","type":"page","link":"https:\/\/www.kalapirkat.fi\/?page_id=87","title":{"rendered":"Pirkanpuisto"},"content":{"rendered":"<p><strong>Pirkanpuisto<\/strong><\/p>\n<p>Kuusamo, M\u00e4\u00e4tt\u00e4l\u00e4nvaara. Osoite: Puistolantie 2<\/p>\n<p>L\u00e4hin vesist\u00f6 on Suininki jonka koskilla on my\u00f6s koskikalastus alueet.\u00a0Ja kyll\u00e4h\u00e4n Kuusamosta kalastuskohteita l\u00f6ytyy.<\/p>\n<p>Lintula k\u00e4sitt\u00e4\u00e4 5 vuodepaikkaa ja koko m\u00f6kin vuorokausimaksu on\u00a0 koko vuoden aikana<strong> 50 \u20ac<\/strong>, sis\u00e4lt\u00e4\u00e4 saunamaksun. Lintulan vuorokausi alkaa ja loppuu klo <strong>16.00. <\/strong>Lintula viikkomaksu<strong> 250 \u20ac<\/strong> \/ viikko, sis\u00e4lt\u00e4\u00e4 saunamaksun ja on voimassa koko vuoden. Pirkanpuiston varausmaksu <strong>50\u20ac<\/strong>.<\/p>\n<p><strong>HUOM! Jos avaimia ei palauta ajoissa oleskelun j\u00e4lkeen, niin johtokunta m\u00e4\u00e4r\u00e4\u00e4 sakkorangaistuksen my\u00f6h\u00e4stymisest\u00e4.\u00a0 <\/strong><\/p>\n<p>Asuntovaunuilijat maksavat <strong>20\u20ac<\/strong>\/ vrk\/ hengelt\u00e4 joka sis\u00e4lt\u00e4\u00e4 saunamaksun.<\/p>\n<p><strong>Lintulan varaukset sek\u00e4 avaimet Lintulaan saa Nippon Verkko oy:st\u00e4. Lomarenkaan varausvahvistukset ilmoitamme nettisivuillamme ja nippon verkkoon. Osoite on <span class=\"LrzXr\">Harjuntausta 1, 33400 Tampere<\/span> puh. 010 4233400<\/strong><\/p>\n<p>Saunakamari on 20 \u20ac \/ henkil\u00f6 \/ vrk, joka sis\u00e4lt\u00e4\u00e4 saunamaksun. <strong>P\u00e4\u00e4rakennus suljettuna vesivahingon vuoksi!<br \/>\n<\/strong><\/p>\n<p>Vanhempien mukana olevilta <strong>alle 18-vuotiailta seuran j\u00e4senten lapsilta<\/strong> ei perit\u00e4 maksuja.<\/p>\n<p>Vuorokausi alkaa\u00a0 ja p\u00e4\u00e4ttyy klo <strong>16.00. <\/strong><\/p>\n<p><strong>Huom<\/strong>! Sauna- ja Oleskelukirja on Pirkan-Puistossa isontuvan p\u00f6yd\u00e4ll\u00e4. Sirkkelin k\u00e4ytt\u00f6 ainoastaan johtokunnan luvalla.<\/p>\n<p>Maksut maksetaan viimeist\u00e4\u00e4n oleskelup\u00e4iv\u00e4n\u00e4 tilille <strong>FI4981469710141838<\/strong><\/p>\n<p>J\u00e4sen voi tuoda kaksi vierasta kerran mukanaan ainoastaan tutustumisk\u00e4ynnille samoilla ehdoilla kuin j\u00e4senet.<\/p>\n<p><strong>Yhteisen viihtymisen vuoksi on seuraavia ohjeita noudatettava: <\/strong><\/p>\n<p>H\u00e4iritsev\u00e4 alkoholin k\u00e4ytt\u00f6 on kielletty.<\/p>\n<p>Lintula on allergiam\u00f6kki, johon ei saa vied\u00e4 kotiel\u00e4imi\u00e4.<\/p>\n<p>Kotiel\u00e4imet tulee pit\u00e4\u00e4 kytkettyin\u00e4, ne eiv\u00e4t saa oleskella vuoteissa.<\/p>\n<p>Tupakointi on sis\u00e4ll\u00e4 <strong>EHDOTTOMASTI<\/strong> kielletty.<\/p>\n<p>Jokainen siivoaa j\u00e4lkens\u00e4 ja vie roskat menness\u00e4\u00e4n. Pihan j\u00e4teastia ei ole k\u00e4yt\u00f6ss\u00e4.<\/p>\n<p>K\u00e4yt\u00f6ksen tulee olla toverillista ja kanssaihmiset huomioon ottavaa.<\/p>\n<p>Puutteista ja vioista tulee saattaa tieto kerhon hallitukselle.<\/p>\n<p><strong>LOMARENKAAN<\/strong> <strong>VARAUKSET<\/strong>:<\/p>\n<h1>Majalla oleskelevat eiv\u00e4t saa j\u00e4tt\u00e4\u00e4 omia tavaroitaan pitempiaikaiseen s\u00e4ilytykseen majalle!.<\/h1>\n","protected":false},"excerpt":{"rendered":"<p>Pirkanpuisto Kuusamo, M\u00e4\u00e4tt\u00e4l\u00e4nvaara. Osoite: Puistolantie 2 L\u00e4hin vesist\u00f6 on Suininki jonka koskilla on my\u00f6s koskikalastus alueet.\u00a0Ja kyll\u00e4h\u00e4n Kuusamosta kalastuskohteita l\u00f6ytyy. Lintula k\u00e4sitt\u00e4\u00e4 5 vuodepaikkaa ja koko m\u00f6kin vuorokausimaksu on\u00a0 koko vuoden aikana 50 \u20ac, sis\u00e4lt\u00e4\u00e4 saunamaksun. Lintulan vuorokausi alkaa ja loppuu klo 16.00. Lintula viikkomaksu 250 \u20ac \/ viikko, sis\u00e4lt\u00e4\u00e4 saunamaksun ja on voimassa koko [&hellip;]<\/p>\n","protected":false},"author":1,"featured_media":0,"parent":0,"menu_order":0,"comment_status":"closed","ping_status":"closed","template":"","meta":{"footnotes":""},"class_list":["post-87","page","type-page","status-publish","hentry"],"_links":{"self":[{"href":"https:\/\/www.kalapirkat.fi\/index.php?rest_route=\/wp\/v2\/pages\/87"}],"collection":[{"href":"https:\/\/www.kalapirkat.fi\/index.php?rest_route=\/wp\/v2\/pages"}],"about":[{"href":"https:\/\/www.kalapirkat.fi\/index.php?rest_route=\/wp\/v2\/types\/page"}],"author":[{"embeddable":true,"href":"https:\/\/www.kalapirkat.fi\/index.php?rest_route=\/wp\/v2\/users\/1"}],"replies":[{"embeddable":true,"href":"https:\/\/www.kalapirkat.fi\/index.php?rest_route=%2Fwp%2Fv2%2Fcomments&post=87"}],"version-history":[{"count":15,"href":"https:\/\/www.kalapirkat.fi\/index.php?rest_route=\/wp\/v2\/pages\/87\/revisions"}],"predecessor-version":[{"id":1010,"href":"https:\/\/www.kalapirkat.fi\/index.php?rest_route=\/wp\/v2\/pages\/87\/revisions\/1010"}],"wp:attachment":[{"href":"https:\/\/www.kalapirkat.fi\/index.php?rest_route=%2Fwp%2Fv2%2Fmedia&parent=87"}],"curies":[{"name":"wp","href":"https:\/\/api.w.org\/{rel}","templated":true}]}}