{"id":84,"date":"2018-11-28T14:26:39","date_gmt":"2018-11-28T14:26:39","guid":{"rendered":"http:\/\/www.kalapirkat.fi\/?page_id=84"},"modified":"2026-04-09T17:56:36","modified_gmt":"2026-04-09T17:56:36","slug":"pirkantupa","status":"publish","type":"page","link":"https:\/\/www.kalapirkat.fi\/?page_id=84","title":{"rendered":"Pirkantupa"},"content":{"rendered":"<p><strong>Pirkantupa<\/strong><\/p>\n<p>N\u00e4sij\u00e4rven Vankaveden rannalla Teiskon Kapeessa. Osoite: L\u00e4hteenkorvantie 80<\/p>\n<p>Kaunis ja rauhallinen paikka 50 km p\u00e4\u00e4ss\u00e4 Tampereen keskustasta. Ymp\u00e4r\u00f6iv\u00e4 vesialue kuuluu Pohjankapeen kalastuskuntaan.\u00a0 Veneet ja verkkomerkit l\u00f6ytyy.<\/p>\n<p>Pirkantuvan maksut ja j\u00e4rjestysohjeet:<\/p>\n<p>Vapaa-ajan viettopaikat ovat j\u00e4senist\u00f6n k\u00e4yt\u00f6ss\u00e4 ymp\u00e4ri vuoden.<\/p>\n<p><strong>Huom!<\/strong> Ruokavedet tuotava itse Pirkantuvalle.<\/p>\n<p>Pirkantuvan oleskelumaksut<\/p>\n<p>Oleskelumaksu 20\u20ac \/vrk\/henkil\u00f6, joka sis\u00e4lt\u00e4\u00e4 saunamaksun. Maksu <strong>k\u00e4teisell\u00e4<\/strong> lippaaseen tai viimeist\u00e4\u00e4n oleskelup\u00e4iv\u00e4n\u00e4 tilille<strong> FI4981469710141838<br \/>\n<\/strong><\/p>\n<p>Pirkantupaa voi Kala-Pirkkojen j\u00e4senet varata yksityisk\u00e4ytt\u00f6\u00f6n esim. saunailtoja ym. tapahtumia varten 80 \u20ac\/ vrk.<\/p>\n<p>Vanhempien mukana olevilta <strong>alle 18-vuotiailta seuran j\u00e4senten lapsilta <\/strong>ei perit\u00e4 maksuja.<\/p>\n<p>Nuorisokerholaisten pit\u00e4ess\u00e4 leiri\u00e4 tuvalla, kun he ovat siell\u00e4 vet\u00e4j\u00e4n kanssa ei heilt\u00e4 perit\u00e4 maksua.<\/p>\n<p>Vuorokausi alkaa\u00a0 ja p\u00e4\u00e4ttyy klo <strong> 16.00.<\/strong><\/p>\n<p>J\u00e4sen voi tuoda yhden vieraan mukanaan kerran ainoastaan tutustumisk\u00e4ynnille samoilla ehdoilla kuin j\u00e4senet.<\/p>\n<p><strong>Varaukset 2026: 15-17.5<\/strong><\/p>\n<p><strong> Yhteisen viihtymisen vuoksi on seuraavia ohjeita noudatettava:\u00a0 <\/strong><\/p>\n<p>H\u00e4iritsev\u00e4 alkoholin k\u00e4ytt\u00f6 on kielletty.<\/p>\n<p>Kotiel\u00e4imet ei saa oleskella vuoteissa.<\/p>\n<p>Kotiel\u00e4imet Pirkantuvalla Kapeessa saa olla vain <strong>ns.<\/strong> <b> vanhalla puolella. <\/b><\/p>\n<p>Tupakointi on sis\u00e4ll\u00e4 <strong>EHDOTTOMASTI<\/strong> kieletty.<\/p>\n<p>Jokainen siivoaa j\u00e4lkens\u00e4 ja vie roskat menness\u00e4\u00e4n.<\/p>\n<p>K\u00e4yt\u00f6ksen tulee olla toverillista ja kanssaihmiset huomioon ottavaa.<\/p>\n<p>Puutteista ja vioista tulee ilmoittaa majan is\u00e4nn\u00e4lle.<\/p>\n<p>Pirkantuvan Is\u00e4nt\u00e4:<\/p>\n<p>Heikki Lamminp\u00e4\u00e4<\/p>\n<p>puh. 040-5001203<\/p>\n<h1>Majalla oleskelijat eiv\u00e4t saa j\u00e4tt\u00e4\u00e4 omia tavaroitaan pitempi aikaiseen <strong>s\u00e4ilytykseen majalle!.<\/strong><\/h1>\n","protected":false},"excerpt":{"rendered":"<p>Pirkantupa N\u00e4sij\u00e4rven Vankaveden rannalla Teiskon Kapeessa. Osoite: L\u00e4hteenkorvantie 80 Kaunis ja rauhallinen paikka 50 km p\u00e4\u00e4ss\u00e4 Tampereen keskustasta. Ymp\u00e4r\u00f6iv\u00e4 vesialue kuuluu Pohjankapeen kalastuskuntaan.\u00a0 Veneet ja verkkomerkit l\u00f6ytyy. Pirkantuvan maksut ja j\u00e4rjestysohjeet: Vapaa-ajan viettopaikat ovat j\u00e4senist\u00f6n k\u00e4yt\u00f6ss\u00e4 ymp\u00e4ri vuoden. Huom! Ruokavedet tuotava itse Pirkantuvalle. Pirkantuvan oleskelumaksut Oleskelumaksu 20\u20ac \/vrk\/henkil\u00f6, joka sis\u00e4lt\u00e4\u00e4 saunamaksun. Maksu k\u00e4teisell\u00e4 lippaaseen tai [&hellip;]<\/p>\n","protected":false},"author":1,"featured_media":0,"parent":0,"menu_order":0,"comment_status":"closed","ping_status":"closed","template":"","meta":{"footnotes":""},"class_list":["post-84","page","type-page","status-publish","hentry"],"_links":{"self":[{"href":"https:\/\/www.kalapirkat.fi\/index.php?rest_route=\/wp\/v2\/pages\/84"}],"collection":[{"href":"https:\/\/www.kalapirkat.fi\/index.php?rest_route=\/wp\/v2\/pages"}],"about":[{"href":"https:\/\/www.kalapirkat.fi\/index.php?rest_route=\/wp\/v2\/types\/page"}],"author":[{"embeddable":true,"href":"https:\/\/www.kalapirkat.fi\/index.php?rest_route=\/wp\/v2\/users\/1"}],"replies":[{"embeddable":true,"href":"https:\/\/www.kalapirkat.fi\/index.php?rest_route=%2Fwp%2Fv2%2Fcomments&post=84"}],"version-history":[{"count":72,"href":"https:\/\/www.kalapirkat.fi\/index.php?rest_route=\/wp\/v2\/pages\/84\/revisions"}],"predecessor-version":[{"id":1188,"href":"https:\/\/www.kalapirkat.fi\/index.php?rest_route=\/wp\/v2\/pages\/84\/revisions\/1188"}],"wp:attachment":[{"href":"https:\/\/www.kalapirkat.fi\/index.php?rest_route=%2Fwp%2Fv2%2Fmedia&parent=84"}],"curies":[{"name":"wp","href":"https:\/\/api.w.org\/{rel}","templated":true}]}}