{"id":46,"date":"2018-10-03T17:34:16","date_gmt":"2018-10-03T17:34:16","guid":{"rendered":"http:\/\/www.kalapirkat.fi\/?page_id=46"},"modified":"2025-01-05T12:55:31","modified_gmt":"2025-01-05T12:55:31","slug":"yhteystiedot","status":"publish","type":"page","link":"https:\/\/www.kalapirkat.fi\/?page_id=46","title":{"rendered":"Yhteystiedot"},"content":{"rendered":"<p><span style=\"font-family: Tahoma; font-size: large;\">Johtokunta ja toimihenkil\u00f6t v. 2025<\/span><\/p>\n<div align=\"left\">\n<table  class=\" table table-hover\" id=\"AutoNumber6\" border=\"0\" width=\"661\" cellspacing=\"0\" cellpadding=\"0\">\n<tbody>\n<tr>\n<td width=\"189\"><span style=\"font-family: Arial;\">Puheenjohtaja<\/span><\/td>\n<td width=\"224\"><span style=\"font-family: Arial;\">Jari M\u00e4enp\u00e4\u00e4<\/span><\/td>\n<td width=\"248\"><span style=\"font-family: Arial;\">044-077 7146<\/span><\/td>\n<\/tr>\n<\/tbody>\n<\/table>\n<\/div>\n<p><span style=\"font-family: Tahoma; font-size: large;\">Hallitus<\/span><\/p>\n<div align=\"left\">\n<p>&gt;<\/p>\n<table  class=\" table table-hover\" id=\"AutoNumber5\" border=\"0\" width=\"660\" cellspacing=\"0\" cellpadding=\"0\">\n<tbody>\n<tr>\n<td width=\"188\"><span style=\"font-family: Arial;\">Varapuheenjohtaja<\/span><\/td>\n<td width=\"225\"><span style=\"font-family: Arial;\">Matti Santonen<\/span><\/td>\n<td width=\"247\"><span style=\"font-family: Arial;\">050-3480898<\/span><\/td>\n<\/tr>\n<tr>\n<td width=\"188\"><span style=\"font-family: Arial;\">Rahastonhoitaja<\/span><\/td>\n<td width=\"225\"><\/td>\n<td width=\"247\"><\/td>\n<\/tr>\n<tr>\n<td width=\"188\"><span style=\"font-family: Arial;\">Sihteeri<\/span><\/td>\n<td width=\"225\"><span style=\"font-family: Arial;\">Marko Latja<\/span><\/td>\n<td width=\"247\"><span style=\"font-family: Arial;\">044-2824543<\/span><\/td>\n<\/tr>\n<tr>\n<td width=\"188\"><span style=\"font-family: Arial;\">J\u00e4senkirjuri<\/span><\/td>\n<td width=\"225\"><span style=\"font-family: Arial;\">Henrik Silfver<br \/>\n<\/span><\/td>\n<td width=\"247\"><span style=\"font-family: Arial;\">0400- 509663<br \/>\n<\/span><\/td>\n<\/tr>\n<tr>\n<td width=\"188\"><\/td>\n<td width=\"225\"><\/td>\n<td width=\"247\"><\/td>\n<\/tr>\n<tr>\n<td width=\"188\"><span style=\"font-family: Arial;\"><b>J\u00e4senet<\/b><\/span><\/td>\n<td width=\"225\"><\/td>\n<td width=\"247\"><\/td>\n<\/tr>\n<tr>\n<td width=\"188\"><span style=\"font-family: Arial;\">Marko Latja<\/span><\/td>\n<td width=\"225\"><span lang=\"FI\"><span style=\"font-family: Arial;\"> 044-2824543<\/span><\/span><\/td>\n<td width=\"247\"><\/td>\n<\/tr>\n<tr>\n<td width=\"188\"><span style=\"font-family: Arial;\">Matti Santonen<\/span><\/td>\n<td width=\"225\"><span style=\"font-family: Arial;\"><span lang=\"FI\"> 050-348 0898<\/span><\/span><\/td>\n<td width=\"247\"><\/td>\n<\/tr>\n<tr>\n<td width=\"188\"><span style=\"font-family: Arial;\">Sirpa Mansikkam\u00e4ki<\/span><\/td>\n<td width=\"225\"><span style=\"font-family: Arial;\">044-5005174<\/span><\/td>\n<td width=\"247\"><\/td>\n<\/tr>\n<tr>\n<td width=\"188\"><span style=\"font-family: Arial;\">Pertti Mikkil\u00e4<\/span><\/td>\n<td width=\"225\"><span style=\"font-family: Arial;\"><span lang=\"FI\">040-7661363<\/span><\/span><\/td>\n<td width=\"247\"><\/td>\n<\/tr>\n<tr>\n<td width=\"188\"><span style=\"font-family: Arial;\">Heikki Lamminp\u00e4\u00e4<\/span><\/td>\n<td width=\"225\"><span style=\"font-family: Arial;\"><span lang=\"FI\"> 040-5001203<\/span><\/span><\/td>\n<td width=\"247\"><\/td>\n<\/tr>\n<tr>\n<td width=\"188\"><span style=\"font-family: Arial;\">\u00a0<\/span><\/td>\n<td width=\"225\"><\/td>\n<td width=\"247\"><\/td>\n<\/tr>\n<tr>\n<td width=\"188\"><span style=\"font-family: Arial;\">Henrik Silfver<\/span><\/td>\n<td width=\"225\"><span lang=\"fi\"><span style=\"font-family: Arial;\">0400-509663<\/span><\/span><\/td>\n<td width=\"247\"><\/td>\n<\/tr>\n<tr>\n<td width=\"188\"><span style=\"font-family: Arial;\">Harri Korhonen<\/span><\/td>\n<td width=\"225\"><span lang=\"fi\"><span style=\"font-family: Arial;\">0400-239633<\/span><\/span><\/td>\n<td width=\"247\"><\/td>\n<\/tr>\n<tr>\n<td width=\"188\"><\/td>\n<td width=\"225\"><\/td>\n<td width=\"247\"><\/td>\n<\/tr>\n<tr>\n<td width=\"188\"><\/td>\n<td width=\"225\"><\/td>\n<td width=\"247\"><\/td>\n<\/tr>\n<tr>\n<td width=\"188\"><\/td>\n<td width=\"225\"><\/td>\n<td width=\"247\"><\/td>\n<\/tr>\n<tr>\n<td width=\"188\"><b><span style=\"font-family: Arial;\">Varaj\u00e4senet<\/span><\/b><\/td>\n<td width=\"225\"><\/td>\n<td width=\"247\"><\/td>\n<\/tr>\n<tr>\n<td width=\"188\"><\/td>\n<td width=\"225\"><\/td>\n<td width=\"247\"><\/td>\n<\/tr>\n<tr>\n<td width=\"188\">Keijo Nyk\u00e4nen<\/td>\n<td width=\"225\">050-3481694<\/td>\n<td width=\"247\"><\/td>\n<\/tr>\n<tr>\n<td width=\"188\">Pertti Patrikainen<\/td>\n<td width=\"225\">040-0626097<\/td>\n<td width=\"247\"><\/td>\n<\/tr>\n<tr>\n<td width=\"188\">Aarne Lehtinen<\/td>\n<td width=\"225\"><\/td>\n<td width=\"247\"><\/td>\n<\/tr>\n<\/tbody>\n<\/table>\n<div align=\"left\">\n<div align=\"left\">\n<table  class=\" table table-hover\" id=\"AutoNumber8\" style=\"height: 91px;\" border=\"0\" width=\"658\" cellspacing=\"0\" cellpadding=\"0\">\n<tbody>\n<tr>\n<td width=\"187\"><\/td>\n<td width=\"225\"><\/td>\n<td width=\"248\"><\/td>\n<\/tr>\n<tr>\n<td width=\"187\"><span style=\"font-family: Arial;\">Sisun yhdyshenkil\u00f6<\/span><\/td>\n<td width=\"225\"><span style=\"font-family: Arial;\"><span lang=\"FI\">Heikki Lamminp\u00e4\u00e4<\/span><\/span><\/td>\n<td width=\"248\"><span lang=\"FI\"> 040-5001203<\/span><\/td>\n<\/tr>\n<tr>\n<td width=\"187\"><\/td>\n<td width=\"225\"><\/td>\n<td width=\"248\"><\/td>\n<\/tr>\n<tr>\n<td width=\"187\"><\/td>\n<td width=\"225\"><\/td>\n<td width=\"248\"><\/td>\n<\/tr>\n<\/tbody>\n<\/table>\n<div align=\"left\">\n<table  class=\" table table-hover\" id=\"AutoNumber9\" border=\"0\" width=\"660\" cellspacing=\"0\" cellpadding=\"0\">\n<tbody>\n<tr>\n<td width=\"186\" height=\"19\"><span style=\"font-family: Arial;\"> Autovastaava<\/span><\/td>\n<td width=\"278\" height=\"19\"><span style=\"font-family: Arial;\">Matti Santonen<\/span><\/td>\n<td width=\"196\" height=\"19\"><span style=\"font-family: Arial;\"> 050-3480898<\/span><\/td>\n<\/tr>\n<tr>\n<td width=\"186\" height=\"19\"><\/td>\n<td width=\"278\" height=\"19\">Keijo Nyk\u00e4nen<\/td>\n<td width=\"196\" height=\"19\">050-3481694<\/td>\n<\/tr>\n<tr>\n<td width=\"186\" height=\"19\"><\/td>\n<td width=\"278\" height=\"19\"><\/td>\n<td width=\"196\" height=\"19\"><\/td>\n<\/tr>\n<tr>\n<td width=\"186\" height=\"19\"><span style=\"font-family: Arial;\"> Mets\u00e4stysjaosto<\/span><\/td>\n<td width=\"278\" height=\"19\">Teuvo V\u00e4rikoski<\/td>\n<td width=\"196\" height=\"19\">040-5807311<\/td>\n<\/tr>\n<tr>\n<td width=\"186\" height=\"19\"><\/td>\n<td width=\"278\" height=\"19\"><\/td>\n<td width=\"196\" height=\"19\"><\/td>\n<\/tr>\n<tr>\n<td width=\"186\" height=\"19\"><span style=\"font-family: Arial;\"> Kilpailujaoston Puh. joht.<\/span><\/td>\n<td width=\"278\" height=\"19\"><span style=\"font-family: Arial;\">Heikki Lamminp\u00e4\u00e4<\/span><\/td>\n<td width=\"196\" height=\"19\"><span style=\"font-family: Arial;\"> 040-5001203<\/span><\/td>\n<\/tr>\n<tr>\n<td width=\"186\" height=\"19\"><\/td>\n<td width=\"278\" height=\"19\"><\/td>\n<td width=\"196\" height=\"19\"><\/td>\n<\/tr>\n<tr>\n<td width=\"186\" height=\"19\"><span style=\"font-family: Arial;\"> Pirkanpuiston osoite<\/span><\/td>\n<td width=\"278\" height=\"19\"><span style=\"font-family: Arial;\"> Puistolantie 2 93920 M\u00e4\u00e4tt\u00e4l\u00e4nvaara<\/span><\/td>\n<td width=\"196\" height=\"19\"><\/td>\n<\/tr>\n<tr>\n<td width=\"186\" height=\"19\"><span style=\"font-family: Arial;\"> Pirkanpuiston is\u00e4nt\u00e4<\/span><\/td>\n<td width=\"278\" height=\"19\"><span style=\"font-family: Arial;\">L\u00e4sn\u00e4olija hallituksesta<\/span><\/td>\n<td width=\"196\" height=\"19\"><\/td>\n<\/tr>\n<tr>\n<td width=\"186\" height=\"19\"><\/td>\n<td width=\"278\" height=\"19\"><\/td>\n<td width=\"196\" height=\"19\"><\/td>\n<\/tr>\n<tr>\n<td width=\"186\" height=\"19\"><span style=\"font-family: Arial;\"> Pirkantuvan osoite<\/span><\/td>\n<td width=\"278\" height=\"19\"><span style=\"font-family: Arial;\"> L\u00e4hteenkorvantie 80 34410 Murole<\/span><\/td>\n<td width=\"196\" height=\"19\"><\/td>\n<\/tr>\n<tr>\n<td width=\"186\" height=\"19\"><span style=\"font-family: Arial;\"> Pirkantuvan is\u00e4nt\u00e4<\/span><\/td>\n<td width=\"278\" height=\"19\"><span style=\"font-family: Arial;\">Heikki Lamminp\u00e4\u00e4<\/span><\/td>\n<td width=\"196\" height=\"19\"><span style=\"font-family: Arial;\"> 040-5001203<\/span><\/td>\n<\/tr>\n<tr>\n<td width=\"186\" height=\"19\"><\/td>\n<td width=\"278\" height=\"19\"><\/td>\n<td width=\"196\" height=\"19\"><\/td>\n<\/tr>\n<tr>\n<td width=\"186\" height=\"19\"><\/td>\n<td width=\"278\" height=\"19\"><\/td>\n<td width=\"196\" height=\"19\"><\/td>\n<\/tr>\n<tr>\n<td width=\"186\" height=\"19\"><span style=\"font-family: Arial;\">Seuran kerhohuone<\/span><\/td>\n<td width=\"278\" height=\"19\"><span style=\"font-family: Arial;\">\u00a0 Uudenkyl\u00e4nkatu 6 Tampere<\/span><\/td>\n<\/tr>\n<\/tbody>\n<\/table>\n<\/div>\n<\/div>\n<\/div>\n<\/div>\n","protected":false},"excerpt":{"rendered":"<p>Johtokunta ja toimihenkil\u00f6t v. 2025 Puheenjohtaja Jari M\u00e4enp\u00e4\u00e4 044-077 7146 Hallitus &gt; Varapuheenjohtaja Matti Santonen 050-3480898 Rahastonhoitaja Sihteeri Marko Latja 044-2824543 J\u00e4senkirjuri Henrik Silfver 0400- 509663 J\u00e4senet Marko Latja 044-2824543 Matti Santonen 050-348 0898 Sirpa Mansikkam\u00e4ki 044-5005174 Pertti Mikkil\u00e4 040-7661363 Heikki Lamminp\u00e4\u00e4 040-5001203 \u00a0 Henrik Silfver 0400-509663 Harri Korhonen 0400-239633 Varaj\u00e4senet Keijo Nyk\u00e4nen 050-3481694 Pertti [&hellip;]<\/p>\n","protected":false},"author":1,"featured_media":0,"parent":0,"menu_order":0,"comment_status":"closed","ping_status":"closed","template":"","meta":{"footnotes":""},"class_list":["post-46","page","type-page","status-publish","hentry"],"_links":{"self":[{"href":"https:\/\/www.kalapirkat.fi\/index.php?rest_route=\/wp\/v2\/pages\/46"}],"collection":[{"href":"https:\/\/www.kalapirkat.fi\/index.php?rest_route=\/wp\/v2\/pages"}],"about":[{"href":"https:\/\/www.kalapirkat.fi\/index.php?rest_route=\/wp\/v2\/types\/page"}],"author":[{"embeddable":true,"href":"https:\/\/www.kalapirkat.fi\/index.php?rest_route=\/wp\/v2\/users\/1"}],"replies":[{"embeddable":true,"href":"https:\/\/www.kalapirkat.fi\/index.php?rest_route=%2Fwp%2Fv2%2Fcomments&post=46"}],"version-history":[{"count":6,"href":"https:\/\/www.kalapirkat.fi\/index.php?rest_route=\/wp\/v2\/pages\/46\/revisions"}],"predecessor-version":[{"id":1014,"href":"https:\/\/www.kalapirkat.fi\/index.php?rest_route=\/wp\/v2\/pages\/46\/revisions\/1014"}],"wp:attachment":[{"href":"https:\/\/www.kalapirkat.fi\/index.php?rest_route=%2Fwp%2Fv2%2Fmedia&parent=46"}],"curies":[{"name":"wp","href":"https:\/\/api.w.org\/{rel}","templated":true}]}}