{"id":43,"date":"2018-10-03T17:28:28","date_gmt":"2018-10-03T17:28:28","guid":{"rendered":"http:\/\/www.kalapirkat.fi\/?page_id=43"},"modified":"2025-01-05T12:49:45","modified_gmt":"2025-01-05T12:49:45","slug":"jasenyys","status":"publish","type":"page","link":"https:\/\/www.kalapirkat.fi\/?page_id=43","title":{"rendered":"J\u00e4senyys"},"content":{"rendered":"<p><u><span style=\"font-family: Tahoma; font-size: large;\">Kala-Pirkat Ry j\u00e4senmaksut v.2025<\/span><\/u><\/p>\n<div align=\"left\">\n<table  class=\" table table-hover\" id=\"AutoNumber5\" border=\"0\" width=\"430\" cellspacing=\"0\" cellpadding=\"0\">\n<tbody>\n<tr>\n<td width=\"141\" height=\"25\"><span style=\"font-family: Arial;\">J\u00e4senmaksut<\/span><\/td>\n<td width=\"213\" height=\"25\"><span style=\"font-family: Arial;\">Miehet<\/span><\/td>\n<td width=\"76\" height=\"25\"><span style=\"font-family: Arial;\">30 \u20ac<\/span><\/td>\n<\/tr>\n<tr>\n<td width=\"141\" height=\"23\"><\/td>\n<td width=\"213\" height=\"23\"><span style=\"font-family: Arial;\">Naiset<\/span><\/td>\n<td width=\"76\" height=\"23\"><span style=\"font-family: Arial;\">25 \u20ac<\/span><\/td>\n<\/tr>\n<tr>\n<td width=\"141\" height=\"22\"><\/td>\n<td width=\"213\" height=\"22\"><span style=\"font-family: Arial;\">El\u00e4kel\u00e4iset<\/span><\/td>\n<td width=\"76\" height=\"22\"><span style=\"font-family: Arial;\">25 \u20ac<\/span><\/td>\n<\/tr>\n<tr>\n<td width=\"141\" height=\"22\"><\/td>\n<td width=\"213\" height=\"22\"><span style=\"font-family: Arial;\">Alle 18-vuotiaat<\/span><\/td>\n<td width=\"76\" height=\"22\"><span style=\"font-family: Arial;\">5 \u20ac<\/span><\/td>\n<\/tr>\n<\/tbody>\n<\/table>\n<\/div>\n<p><span style=\"font-family: Arial;\">Liittymismaksu 18 vuotta t\u00e4ytt\u00e4neilt\u00e4 30\u00a0 \u20ac<\/span><\/p>\n<p><span style=\"font-family: Arial;\">Mets\u00e4stysjaoston j\u00e4senmaksu vuodeksi kerrallaan 10 \u20ac<\/span><\/p>\n<p><span style=\"font-family: Arial;\">Liitty\u00e4ksesi Kala-Pirkat Ry:n j\u00e4seneksi ota yhteytt\u00e4 johonkin <\/span><\/p>\n<p><span style=\"font-family: Arial;\">johtokunnan j\u00e4seneen.<\/span><\/p>\n<p><span style=\"font-family: Arial;\">Ilmoita: <\/span><\/p>\n<ul>\n<li><span style=\"font-family: Arial;\">Nimesi<\/span><\/li>\n<li><span style=\"font-family: Arial;\">Syntym\u00e4aikasi<\/span><\/li>\n<li><span style=\"font-family: Arial;\">Osoitteesi<\/span><\/li>\n<\/ul>\n<p><span style=\"font-family: Arial;\">J\u00e4senanomus k\u00e4sitell\u00e4\u00e4n seuraavassa johtokunnan kokouksessa.<\/span><\/p>\n<p>Tervetuloa Kala-Pirkkojen t\u00e4ysivaltaiseksi j\u00e4seneksi!<\/p>\n<h3>Osoitteen muutokset ja j\u00e4senyys muutoksista ilmoita ensisijaisesti s\u00e4hk\u00f6postitse <a href=\"mailto:KALA.PIRKAT@GMAIL.COM\">KALA.PIRKAT@GMAIL.COM<\/a> j\u00e4senkirjurille tai jollekin johtokunnan j\u00e4senelle, ett\u00e4 v\u00e4ltytt\u00e4isiin turhilta osite\/j\u00e4senyys virheilt\u00e4.<\/h3>\n<p align=\"center\">\n","protected":false},"excerpt":{"rendered":"<p>Kala-Pirkat Ry j\u00e4senmaksut v.2025 J\u00e4senmaksut Miehet 30 \u20ac Naiset 25 \u20ac El\u00e4kel\u00e4iset 25 \u20ac Alle 18-vuotiaat 5 \u20ac Liittymismaksu 18 vuotta t\u00e4ytt\u00e4neilt\u00e4 30\u00a0 \u20ac Mets\u00e4stysjaoston j\u00e4senmaksu vuodeksi kerrallaan 10 \u20ac Liitty\u00e4ksesi Kala-Pirkat Ry:n j\u00e4seneksi ota yhteytt\u00e4 johonkin johtokunnan j\u00e4seneen. Ilmoita: Nimesi Syntym\u00e4aikasi Osoitteesi J\u00e4senanomus k\u00e4sitell\u00e4\u00e4n seuraavassa johtokunnan kokouksessa. Tervetuloa Kala-Pirkkojen t\u00e4ysivaltaiseksi j\u00e4seneksi! Osoitteen muutokset ja [&hellip;]<\/p>\n","protected":false},"author":1,"featured_media":0,"parent":0,"menu_order":0,"comment_status":"closed","ping_status":"closed","template":"","meta":{"footnotes":""},"class_list":["post-43","page","type-page","status-publish","hentry"],"_links":{"self":[{"href":"https:\/\/www.kalapirkat.fi\/index.php?rest_route=\/wp\/v2\/pages\/43"}],"collection":[{"href":"https:\/\/www.kalapirkat.fi\/index.php?rest_route=\/wp\/v2\/pages"}],"about":[{"href":"https:\/\/www.kalapirkat.fi\/index.php?rest_route=\/wp\/v2\/types\/page"}],"author":[{"embeddable":true,"href":"https:\/\/www.kalapirkat.fi\/index.php?rest_route=\/wp\/v2\/users\/1"}],"replies":[{"embeddable":true,"href":"https:\/\/www.kalapirkat.fi\/index.php?rest_route=%2Fwp%2Fv2%2Fcomments&post=43"}],"version-history":[{"count":8,"href":"https:\/\/www.kalapirkat.fi\/index.php?rest_route=\/wp\/v2\/pages\/43\/revisions"}],"predecessor-version":[{"id":1008,"href":"https:\/\/www.kalapirkat.fi\/index.php?rest_route=\/wp\/v2\/pages\/43\/revisions\/1008"}],"wp:attachment":[{"href":"https:\/\/www.kalapirkat.fi\/index.php?rest_route=%2Fwp%2Fv2%2Fmedia&parent=43"}],"curies":[{"name":"wp","href":"https:\/\/api.w.org\/{rel}","templated":true}]}}