{"id":27,"date":"2018-10-03T17:00:27","date_gmt":"2018-10-03T17:00:27","guid":{"rendered":"http:\/\/www.kalapirkat.fi\/?page_id=27"},"modified":"2018-10-03T17:00:27","modified_gmt":"2018-10-03T17:00:27","slug":"metsastysjaos","status":"publish","type":"page","link":"https:\/\/www.kalapirkat.fi\/?page_id=27","title":{"rendered":"Mets\u00e4stysjaos"},"content":{"rendered":"<p><strong> Mets\u00e4stysjaos<\/strong><\/p>\n<p>Kala-Pirkkojen mets\u00e4stysjaostoon voi liitty\u00e4 Kala-Pirkat ry:n j\u00e4sen.<\/p>\n<p>Jaoston kokouksessa arvotaan vuosittain ns. Maanomistajan lupakortti Suiningin Mets\u00e4stysseuraan\u00a0 1 + 3 varamiest\u00e4. Kortti oikeuttaa pienriistan mets\u00e4stykseen sek\u00e4 osallistumaan hirven mets\u00e4stykseen seurueessa.<\/p>\n<p>Mets\u00e4stysjaosto anoo my\u00f6s Mets\u00e4hallituksen(Villi Pohjola) maa-aluetta vuokralle hirvenmets\u00e4stykseen vuosittain.<\/p>\n<p>Suiningin mets\u00e4stysseura Kuusamossa myy Kala-Pirkkojen j\u00e4senille j\u00e4nislupia.<\/p>\n<p>J\u00e4senmaksu on 10 euroa\/vuosi.<\/p>\n","protected":false},"excerpt":{"rendered":"<p>Mets\u00e4stysjaos Kala-Pirkkojen mets\u00e4stysjaostoon voi liitty\u00e4 Kala-Pirkat ry:n j\u00e4sen. Jaoston kokouksessa arvotaan vuosittain ns. Maanomistajan lupakortti Suiningin Mets\u00e4stysseuraan\u00a0 1 + 3 varamiest\u00e4. Kortti oikeuttaa pienriistan mets\u00e4stykseen sek\u00e4 osallistumaan hirven mets\u00e4stykseen seurueessa. Mets\u00e4stysjaosto anoo my\u00f6s Mets\u00e4hallituksen(Villi Pohjola) maa-aluetta vuokralle hirvenmets\u00e4stykseen vuosittain. Suiningin mets\u00e4stysseura Kuusamossa myy Kala-Pirkkojen j\u00e4senille j\u00e4nislupia. J\u00e4senmaksu on 10 euroa\/vuosi.<\/p>\n","protected":false},"author":1,"featured_media":0,"parent":0,"menu_order":0,"comment_status":"closed","ping_status":"closed","template":"","meta":{"footnotes":""},"class_list":["post-27","page","type-page","status-publish","hentry"],"_links":{"self":[{"href":"https:\/\/www.kalapirkat.fi\/index.php?rest_route=\/wp\/v2\/pages\/27"}],"collection":[{"href":"https:\/\/www.kalapirkat.fi\/index.php?rest_route=\/wp\/v2\/pages"}],"about":[{"href":"https:\/\/www.kalapirkat.fi\/index.php?rest_route=\/wp\/v2\/types\/page"}],"author":[{"embeddable":true,"href":"https:\/\/www.kalapirkat.fi\/index.php?rest_route=\/wp\/v2\/users\/1"}],"replies":[{"embeddable":true,"href":"https:\/\/www.kalapirkat.fi\/index.php?rest_route=%2Fwp%2Fv2%2Fcomments&post=27"}],"version-history":[{"count":1,"href":"https:\/\/www.kalapirkat.fi\/index.php?rest_route=\/wp\/v2\/pages\/27\/revisions"}],"predecessor-version":[{"id":28,"href":"https:\/\/www.kalapirkat.fi\/index.php?rest_route=\/wp\/v2\/pages\/27\/revisions\/28"}],"wp:attachment":[{"href":"https:\/\/www.kalapirkat.fi\/index.php?rest_route=%2Fwp%2Fv2%2Fmedia&parent=27"}],"curies":[{"name":"wp","href":"https:\/\/api.w.org\/{rel}","templated":true}]}}