{"id":25,"date":"2018-10-03T16:58:47","date_gmt":"2018-10-03T16:58:47","guid":{"rendered":"http:\/\/www.kalapirkat.fi\/?page_id=25"},"modified":"2018-10-11T15:12:53","modified_gmt":"2018-10-11T15:12:53","slug":"toiminta","status":"publish","type":"page","link":"https:\/\/www.kalapirkat.fi\/?page_id=25","title":{"rendered":"Toiminta"},"content":{"rendered":"<p>Kala-Pirkat Ry on kaikille kalastuksesta kiinnostuneille sopiva seura, riippumatta taidoista, i\u00e4st\u00e4 tai sukupuolesta.<\/p>\n<p>Seuran kotipaikka on Tampere, mutta j\u00e4seni\u00e4 on ymp\u00e4ri Suomea.<\/p>\n<p>Seuran kerhohuoneen osoite on Uudenkyl\u00e4nkatu 6 Tampere<\/p>\n<p>Kerhohuoneelle p\u00e4\u00e4see soittamalla Marko Latjalle 044-2824543 tai Sirpa Mansikkam\u00e4elle 044-5005174<\/p>\n<table id=\"AutoNumber5\"  class=\" table table-hover table table-hover\"  style=\"height: 5px;\" border=\"0\" width=\"5\" cellspacing=\"0\" cellpadding=\"0\">\n<tbody>\n<tr>\n<td width=\"188\"><\/td>\n<td width=\"225\"><\/td>\n<\/tr>\n<\/tbody>\n<\/table>\n<p>&nbsp;<\/p>\n","protected":false},"excerpt":{"rendered":"<p>Kala-Pirkat Ry on kaikille kalastuksesta kiinnostuneille sopiva seura, riippumatta taidoista, i\u00e4st\u00e4 tai sukupuolesta. Seuran kotipaikka on Tampere, mutta j\u00e4seni\u00e4 on ymp\u00e4ri Suomea. Seuran kerhohuoneen osoite on Uudenkyl\u00e4nkatu 6 Tampere Kerhohuoneelle p\u00e4\u00e4see soittamalla Marko Latjalle 044-2824543 tai Sirpa Mansikkam\u00e4elle 044-5005174 &nbsp;<\/p>\n","protected":false},"author":1,"featured_media":0,"parent":0,"menu_order":0,"comment_status":"closed","ping_status":"closed","template":"","meta":{"footnotes":""},"class_list":["post-25","page","type-page","status-publish","hentry"],"_links":{"self":[{"href":"https:\/\/www.kalapirkat.fi\/index.php?rest_route=\/wp\/v2\/pages\/25"}],"collection":[{"href":"https:\/\/www.kalapirkat.fi\/index.php?rest_route=\/wp\/v2\/pages"}],"about":[{"href":"https:\/\/www.kalapirkat.fi\/index.php?rest_route=\/wp\/v2\/types\/page"}],"author":[{"embeddable":true,"href":"https:\/\/www.kalapirkat.fi\/index.php?rest_route=\/wp\/v2\/users\/1"}],"replies":[{"embeddable":true,"href":"https:\/\/www.kalapirkat.fi\/index.php?rest_route=%2Fwp%2Fv2%2Fcomments&post=25"}],"version-history":[{"count":2,"href":"https:\/\/www.kalapirkat.fi\/index.php?rest_route=\/wp\/v2\/pages\/25\/revisions"}],"predecessor-version":[{"id":57,"href":"https:\/\/www.kalapirkat.fi\/index.php?rest_route=\/wp\/v2\/pages\/25\/revisions\/57"}],"wp:attachment":[{"href":"https:\/\/www.kalapirkat.fi\/index.php?rest_route=%2Fwp%2Fv2%2Fmedia&parent=25"}],"curies":[{"name":"wp","href":"https:\/\/api.w.org\/{rel}","templated":true}]}}