{"id":21,"date":"2018-10-03T16:56:27","date_gmt":"2018-10-03T16:56:27","guid":{"rendered":"http:\/\/www.kalapirkat.fi\/?page_id=21"},"modified":"2026-04-01T15:13:35","modified_gmt":"2026-04-01T15:13:35","slug":"kilpailut","status":"publish","type":"page","link":"https:\/\/www.kalapirkat.fi\/?page_id=21","title":{"rendered":"Kilpailut"},"content":{"rendered":"<p><strong>KILPAILUKALENTERI 2026<\/strong><\/p>\n<p><strong><u>J\u00e4sentenv\u00e4liset <\/u><\/strong><strong><u>Pilkkikilpailut<\/u><\/strong><\/p>\n<p><strong>LA<\/strong> <strong>12.12<\/strong> Kinkkukilpailu PAIKKA AVOIN (j\u00e4\u00e4varaus) Kilpailuaika 9.00-14.00 Paluuaika 30min<\/p>\n<p><strong><u>J\u00e4sentenv\u00e4liset <\/u><\/strong><strong><u>Rantaonkikilpailut<\/u><\/strong><\/p>\n<p><strong>TI<\/strong> <strong>5.5<\/strong> I Rantaonkikilpailu SARVIS (m\u00e4skit\u00f6n) Paikka arvonta 16.30 Kilpailuaika 17.00-21.00<\/p>\n<p><strong>TI<\/strong> <strong>4.8<\/strong> II Rantaonkikilpailu SARVIS (m\u00e4ski) Paikka arvonta 16.30 Kilpailuaika 17.00- 21.00<\/p>\n<p><strong><u>Yleiset Pilkkikilpailut<\/u><\/strong><\/p>\n<p><strong><u>Yleiset Rantaonkikilpailut<\/u><\/strong><\/p>\n<p><strong>TI 12.5<\/strong> Yleinen Rantaonkikilpailu SARVIS\u00a0 \u00a0\u00a0\u00a0\u00a0\u00a0\u00a0\u00a0\u00a0\u00a0L\u00e4ht\u00f6j\u00e4rjestys Arvonta 16.30 Kilpailuaika 17.00- 21.00<\/p>\n<p><strong>TI 16.6<\/strong> Yleinen Rantaonkikilpailu H\u00c4RM\u00c4L\u00c4N SAARI L\u00e4ht\u00f6j\u00e4rjestys Arvonta 16.30 Kilpailuaika 17.00- 21.00<\/p>\n<p><strong>TI ?.7<\/strong> Yleinen Rantaonkikilpailu PAIKKA AVOIN L\u00e4ht\u00f6j\u00e4rjestys Arvonta 16.30 Kilpailuaika 17.00- 21.00<\/p>\n<p><strong>TI 11.8<\/strong> Yleinen Rantaonkikilpailu SARVIS\u00a0\u00a0\u00a0\u00a0\u00a0\u00a0\u00a0\u00a0\u00a0 \u00a0L\u00e4ht\u00f6j\u00e4rjestys Arvonta 16.30 Kilpailuaika 17.00- 21.00<\/p>\n<p>YLEISI\u00c4 LAITURIPILKKIKILPAILUJA SYKSYLL\u00c4 RATINASSA ja SARVIKSESSA S\u00c4IDEN MUKAAN.<\/p>\n<p>Vuoden aikana Kala-Pirkkojen kilpailussa seuran j\u00e4senen saama suurin ahven ja muu mitallinen kala palkitaan kiertopalkinnoilla.<\/p>\n<div>\u00a0<\/div>\n\n\n<p><\/p>\n","protected":false},"excerpt":{"rendered":"<p>KILPAILUKALENTERI 2026 J\u00e4sentenv\u00e4liset Pilkkikilpailut LA 12.12 Kinkkukilpailu PAIKKA AVOIN (j\u00e4\u00e4varaus) Kilpailuaika 9.00-14.00 Paluuaika 30min J\u00e4sentenv\u00e4liset Rantaonkikilpailut TI 5.5 I Rantaonkikilpailu SARVIS (m\u00e4skit\u00f6n) Paikka arvonta 16.30 Kilpailuaika 17.00-21.00 TI 4.8 II Rantaonkikilpailu SARVIS (m\u00e4ski) Paikka arvonta 16.30 Kilpailuaika 17.00- 21.00 Yleiset Pilkkikilpailut Yleiset Rantaonkikilpailut TI 12.5 Yleinen Rantaonkikilpailu SARVIS\u00a0 \u00a0\u00a0\u00a0\u00a0\u00a0\u00a0\u00a0\u00a0\u00a0L\u00e4ht\u00f6j\u00e4rjestys Arvonta 16.30 Kilpailuaika 17.00- 21.00 TI [&hellip;]<\/p>\n","protected":false},"author":1,"featured_media":0,"parent":0,"menu_order":0,"comment_status":"closed","ping_status":"closed","template":"","meta":{"footnotes":""},"class_list":["post-21","page","type-page","status-publish","hentry"],"_links":{"self":[{"href":"https:\/\/www.kalapirkat.fi\/index.php?rest_route=\/wp\/v2\/pages\/21"}],"collection":[{"href":"https:\/\/www.kalapirkat.fi\/index.php?rest_route=\/wp\/v2\/pages"}],"about":[{"href":"https:\/\/www.kalapirkat.fi\/index.php?rest_route=\/wp\/v2\/types\/page"}],"author":[{"embeddable":true,"href":"https:\/\/www.kalapirkat.fi\/index.php?rest_route=\/wp\/v2\/users\/1"}],"replies":[{"embeddable":true,"href":"https:\/\/www.kalapirkat.fi\/index.php?rest_route=%2Fwp%2Fv2%2Fcomments&post=21"}],"version-history":[{"count":90,"href":"https:\/\/www.kalapirkat.fi\/index.php?rest_route=\/wp\/v2\/pages\/21\/revisions"}],"predecessor-version":[{"id":1184,"href":"https:\/\/www.kalapirkat.fi\/index.php?rest_route=\/wp\/v2\/pages\/21\/revisions\/1184"}],"wp:attachment":[{"href":"https:\/\/www.kalapirkat.fi\/index.php?rest_route=%2Fwp%2Fv2%2Fmedia&parent=21"}],"curies":[{"name":"wp","href":"https:\/\/api.w.org\/{rel}","templated":true}]}}